{"id":4500,"date":"2024-06-25T14:28:08","date_gmt":"2024-06-25T14:28:08","guid":{"rendered":"http:\/\/gevers.eu\/secteurs\/design-fashion\/"},"modified":"2025-12-12T09:29:30","modified_gmt":"2025-12-12T09:29:30","slug":"design-mode","status":"publish","type":"page","link":"https:\/\/gevers.eu\/fr\/secteurs\/design-mode\/","title":{"rendered":"Design et mode"},"content":{"rendered":"","protected":false},"excerpt":{"rendered":"","protected":false},"author":2,"featured_media":0,"parent":4480,"menu_order":0,"comment_status":"closed","ping_status":"closed","template":"page-sectors.php","meta":{"_acf_changed":false,"content-type":"","sync_status":"","episode_type":"","audio_file":"","podmotor_file_id":"","podmotor_episode_id":"","castos_file_data":"","cover_image":"","cover_image_id":"","duration":"","filesize":"","filesize_raw":"","date_recorded":"","explicit":"","block":"","_ayudawp_aiss_exclude":false,"footnotes":""},"expertises":[],"sectors":[169],"service":[],"class_list":["post-4500","page","type-page","status-publish","hentry","sectors-design-fashion-fr"],"acf":[],"yoast_head":"<!-- This site is optimized with the Yoast SEO Premium plugin v27.0 (Yoast SEO v27.3) - https:\/\/yoast.com\/product\/yoast-seo-premium-wordpress\/ -->\n<title>Design et mode - Gevers<\/title>\n<meta name=\"description\" content=\"D\u00e9couvrez notre expertise en propri\u00e9t\u00e9 intellectuelle dans le secteur du design et de la mode.\" \/>\n<meta name=\"robots\" content=\"index, follow, max-snippet:-1, max-image-preview:large, max-video-preview:-1\" \/>\n<link rel=\"canonical\" href=\"https:\/\/gevers.eu\/fr\/secteurs\/design-mode\/\" \/>\n<meta property=\"og:locale\" content=\"fr_FR\" \/>\n<meta property=\"og:type\" content=\"article\" \/>\n<meta property=\"og:title\" content=\"Design et mode\" \/>\n<meta property=\"og:description\" content=\"D\u00e9couvrez notre expertise en propri\u00e9t\u00e9 intellectuelle dans le secteur du design et de la mode.\" \/>\n<meta property=\"og:url\" content=\"https:\/\/gevers.eu\/fr\/secteurs\/design-mode\/\" \/>\n<meta property=\"og:site_name\" content=\"Gevers\" \/>\n<meta property=\"article:modified_time\" content=\"2025-12-12T09:29:30+00:00\" \/>\n<meta name=\"twitter:card\" content=\"summary_large_image\" \/>\n<meta name=\"twitter:label1\" content=\"Est. reading time\" \/>\n\t<meta name=\"twitter:data1\" content=\"2 minutes\" \/>\n<script type=\"application\/ld+json\" class=\"yoast-schema-graph\">{\"@context\":\"https:\\\/\\\/schema.org\",\"@graph\":[{\"@type\":\"WebPage\",\"@id\":\"https:\\\/\\\/gevers.eu\\\/fr\\\/secteurs\\\/design-mode\\\/\",\"url\":\"https:\\\/\\\/gevers.eu\\\/fr\\\/secteurs\\\/design-mode\\\/\",\"name\":\"Design et mode - Gevers\",\"isPartOf\":{\"@id\":\"https:\\\/\\\/gevers.eu\\\/fr\\\/#website\"},\"datePublished\":\"2024-06-25T14:28:08+00:00\",\"dateModified\":\"2025-12-12T09:29:30+00:00\",\"description\":\"D\u00e9couvrez notre expertise en propri\u00e9t\u00e9 intellectuelle dans le secteur du design et de la mode.\",\"breadcrumb\":{\"@id\":\"https:\\\/\\\/gevers.eu\\\/fr\\\/secteurs\\\/design-mode\\\/#breadcrumb\"},\"inLanguage\":\"fr-FR\",\"potentialAction\":[{\"@type\":\"ReadAction\",\"target\":[\"https:\\\/\\\/gevers.eu\\\/fr\\\/secteurs\\\/design-mode\\\/\"]}]},{\"@type\":\"BreadcrumbList\",\"@id\":\"https:\\\/\\\/gevers.eu\\\/fr\\\/secteurs\\\/design-mode\\\/#breadcrumb\",\"itemListElement\":[{\"@type\":\"ListItem\",\"position\":1,\"name\":\"Secteurs\"},{\"@type\":\"ListItem\",\"position\":2,\"name\":\"Design et mode\"}]},{\"@type\":\"WebSite\",\"@id\":\"https:\\\/\\\/gevers.eu\\\/fr\\\/#website\",\"url\":\"https:\\\/\\\/gevers.eu\\\/fr\\\/\",\"name\":\"Gevers\",\"description\":\"Empowering Innovation\",\"publisher\":{\"@id\":\"https:\\\/\\\/gevers.eu\\\/fr\\\/#organization\"},\"potentialAction\":[{\"@type\":\"SearchAction\",\"target\":{\"@type\":\"EntryPoint\",\"urlTemplate\":\"https:\\\/\\\/gevers.eu\\\/fr\\\/?s={search_term_string}\"},\"query-input\":{\"@type\":\"PropertyValueSpecification\",\"valueRequired\":true,\"valueName\":\"search_term_string\"}}],\"inLanguage\":\"fr-FR\"},{\"@type\":\"Organization\",\"@id\":\"https:\\\/\\\/gevers.eu\\\/fr\\\/#organization\",\"name\":\"Gevers\",\"url\":\"https:\\\/\\\/gevers.eu\\\/fr\\\/\",\"logo\":{\"@type\":\"ImageObject\",\"inLanguage\":\"fr-FR\",\"@id\":\"https:\\\/\\\/gevers.eu\\\/fr\\\/#\\\/schema\\\/logo\\\/image\\\/\",\"url\":\"https:\\\/\\\/gevers.eu\\\/wp-content\\\/uploads\\\/2024\\\/04\\\/GEVERS-LOGO.svg\",\"contentUrl\":\"https:\\\/\\\/gevers.eu\\\/wp-content\\\/uploads\\\/2024\\\/04\\\/GEVERS-LOGO.svg\",\"width\":1,\"height\":1,\"caption\":\"Gevers\"},\"image\":{\"@id\":\"https:\\\/\\\/gevers.eu\\\/fr\\\/#\\\/schema\\\/logo\\\/image\\\/\"}}]}<\/script>\n<!-- \/ Yoast SEO Premium plugin. -->","yoast_head_json":{"title":"Design et mode - Gevers","description":"D\u00e9couvrez notre expertise en propri\u00e9t\u00e9 intellectuelle dans le secteur du design et de la mode.","robots":{"index":"index","follow":"follow","max-snippet":"max-snippet:-1","max-image-preview":"max-image-preview:large","max-video-preview":"max-video-preview:-1"},"canonical":"https:\/\/gevers.eu\/fr\/secteurs\/design-mode\/","og_locale":"fr_FR","og_type":"article","og_title":"Design et mode","og_description":"D\u00e9couvrez notre expertise en propri\u00e9t\u00e9 intellectuelle dans le secteur du design et de la mode.","og_url":"https:\/\/gevers.eu\/fr\/secteurs\/design-mode\/","og_site_name":"Gevers","article_modified_time":"2025-12-12T09:29:30+00:00","twitter_card":"summary_large_image","twitter_misc":{"Est. reading time":"2 minutes"},"schema":{"@context":"https:\/\/schema.org","@graph":[{"@type":"WebPage","@id":"https:\/\/gevers.eu\/fr\/secteurs\/design-mode\/","url":"https:\/\/gevers.eu\/fr\/secteurs\/design-mode\/","name":"Design et mode - Gevers","isPartOf":{"@id":"https:\/\/gevers.eu\/fr\/#website"},"datePublished":"2024-06-25T14:28:08+00:00","dateModified":"2025-12-12T09:29:30+00:00","description":"D\u00e9couvrez notre expertise en propri\u00e9t\u00e9 intellectuelle dans le secteur du design et de la mode.","breadcrumb":{"@id":"https:\/\/gevers.eu\/fr\/secteurs\/design-mode\/#breadcrumb"},"inLanguage":"fr-FR","potentialAction":[{"@type":"ReadAction","target":["https:\/\/gevers.eu\/fr\/secteurs\/design-mode\/"]}]},{"@type":"BreadcrumbList","@id":"https:\/\/gevers.eu\/fr\/secteurs\/design-mode\/#breadcrumb","itemListElement":[{"@type":"ListItem","position":1,"name":"Secteurs"},{"@type":"ListItem","position":2,"name":"Design et mode"}]},{"@type":"WebSite","@id":"https:\/\/gevers.eu\/fr\/#website","url":"https:\/\/gevers.eu\/fr\/","name":"Gevers","description":"Empowering Innovation","publisher":{"@id":"https:\/\/gevers.eu\/fr\/#organization"},"potentialAction":[{"@type":"SearchAction","target":{"@type":"EntryPoint","urlTemplate":"https:\/\/gevers.eu\/fr\/?s={search_term_string}"},"query-input":{"@type":"PropertyValueSpecification","valueRequired":true,"valueName":"search_term_string"}}],"inLanguage":"fr-FR"},{"@type":"Organization","@id":"https:\/\/gevers.eu\/fr\/#organization","name":"Gevers","url":"https:\/\/gevers.eu\/fr\/","logo":{"@type":"ImageObject","inLanguage":"fr-FR","@id":"https:\/\/gevers.eu\/fr\/#\/schema\/logo\/image\/","url":"https:\/\/gevers.eu\/wp-content\/uploads\/2024\/04\/GEVERS-LOGO.svg","contentUrl":"https:\/\/gevers.eu\/wp-content\/uploads\/2024\/04\/GEVERS-LOGO.svg","width":1,"height":1,"caption":"Gevers"},"image":{"@id":"https:\/\/gevers.eu\/fr\/#\/schema\/logo\/image\/"}}]}},"_links":{"self":[{"href":"https:\/\/gevers.eu\/fr\/wp-json\/wp\/v2\/pages\/4500","targetHints":{"allow":["GET"]}}],"collection":[{"href":"https:\/\/gevers.eu\/fr\/wp-json\/wp\/v2\/pages"}],"about":[{"href":"https:\/\/gevers.eu\/fr\/wp-json\/wp\/v2\/types\/page"}],"author":[{"embeddable":true,"href":"https:\/\/gevers.eu\/fr\/wp-json\/wp\/v2\/users\/2"}],"replies":[{"embeddable":true,"href":"https:\/\/gevers.eu\/fr\/wp-json\/wp\/v2\/comments?post=4500"}],"version-history":[{"count":1,"href":"https:\/\/gevers.eu\/fr\/wp-json\/wp\/v2\/pages\/4500\/revisions"}],"predecessor-version":[{"id":10608,"href":"https:\/\/gevers.eu\/fr\/wp-json\/wp\/v2\/pages\/4500\/revisions\/10608"}],"up":[{"embeddable":true,"href":"https:\/\/gevers.eu\/fr\/wp-json\/wp\/v2\/pages\/4480"}],"wp:attachment":[{"href":"https:\/\/gevers.eu\/fr\/wp-json\/wp\/v2\/media?parent=4500"}],"wp:term":[{"taxonomy":"expertises","embeddable":true,"href":"https:\/\/gevers.eu\/fr\/wp-json\/wp\/v2\/expertises?post=4500"},{"taxonomy":"sectors","embeddable":true,"href":"https:\/\/gevers.eu\/fr\/wp-json\/wp\/v2\/sectors?post=4500"},{"taxonomy":"service","embeddable":true,"href":"https:\/\/gevers.eu\/fr\/wp-json\/wp\/v2\/service?post=4500"}],"curies":[{"name":"wp","href":"https:\/\/api.w.org\/{rel}","templated":true}]}}